{"id":188,"date":"2017-12-13T09:52:55","date_gmt":"2017-12-13T09:52:55","guid":{"rendered":"https:\/\/www.stbgraebert.de\/?page_id=188"},"modified":"2018-01-29T07:44:13","modified_gmt":"2018-01-29T07:44:13","slug":"buchpruefung","status":"publish","type":"page","link":"https:\/\/www.stbgraebert.de\/?page_id=188","title":{"rendered":"Buchpr\u00fcfung"},"content":{"rendered":"<p>Buchpr\u00fcfung als vereidigte Buchpr\u00fcferin<\/p>\n<p>Wir bieten Ihnen f\u00fcr kleinere bis mittlere Firmen die T\u00e4tigkeit als vereidigten Buchf\u00fchrers an. Zu den wesentlichen Aufgaben des vereidigten Buchpr\u00fcfers geh\u00f6ren die Pr\u00fcfung der Buchf\u00fchrung eines Unternehmens und die Pr\u00fcfung eines den Vorschriften entsprechenden Jahresabschlusses. <\/p>\n<p><!-- {\"name\":\"\",\"type\":\"layout\",\"children\":[{\"name\":\"\",\"type\":\"section\",\"props\":{\"style\":\"default\",\"width\":\"default\",\"vertical_align\":\"middle\",\"title_position\":\"top-left\",\"title_rotation\":\"left\",\"title_breakpoint\":\"xl\",\"image_position\":\"center-center\"},\"children\":[{\"name\":\"\",\"type\":\"row\",\"props\":{\"fixed_width\":\"large\",\"breakpoint\":\"m\",\"layout\":\"1-1\"},\"children\":[{\"name\":\"\",\"type\":\"column\",\"props\":{\"widths\":[\"1-1\"],\"image_position\":\"center-center\"},\"children\":[{\"name\":\"\",\"type\":\"headline\",\"props\":{\"title_element\":\"h2\",\"content\":\"Buchpr\\u00fcfung als vereidigte Buchpr\\u00fcferin\"}},{\"name\":\"\",\"type\":\"text\",\"props\":{\"margin\":\"default\",\"column_breakpoint\":\"m\",\"content\":\"Wir bieten Ihnen f\\u00fcr kleinere bis mittlere Firmen die T\\u00e4tigkeit als vereidigten Buchf\\u00fchrers an. Zu den wesentlichen Aufgaben des vereidigten Buchpr\\u00fcfers geh\\u00f6ren die Pr\\u00fcfung der Buchf\\u00fchrung eines Unternehmens und die Pr\\u00fcfung eines den Vorschriften entsprechenden Jahresabschlusses. \"}}]}]}]},{\"name\":\"\",\"type\":\"section\",\"props\":{\"style\":\"default\",\"width\":\"default\",\"vertical_align\":\"middle\",\"title_position\":\"top-left\",\"title_rotation\":\"left\",\"title_breakpoint\":\"xl\",\"image_position\":\"center-center\"},\"children\":[{\"name\":\"\",\"type\":\"row\",\"props\":{\"fixed_width\":\"large\",\"breakpoint\":\"m\",\"layout\":\"1-1\"},\"children\":[{\"name\":\"\",\"type\":\"column\",\"props\":{\"widths\":[\"1-1\"],\"image_position\":\"center-center\"}}]}]}]} --><\/p>\n","protected":false},"excerpt":{"rendered":"<p>Buchpr\u00fcfung als vereidigte Buchpr\u00fcferin Wir bieten Ihnen f\u00fcr kleinere bis mittlere Firmen die T\u00e4tigkeit als vereidigten Buchf\u00fchrers an. Zu den wesentlichen Aufgaben des vereidigten Buchpr\u00fcfers geh\u00f6ren die Pr\u00fcfung der Buchf\u00fchrung eines Unternehmens und die Pr\u00fcfung eines den Vorschriften entsprechenden Jahresabschlusses.<\/p>\n","protected":false},"author":1,"featured_media":0,"parent":0,"menu_order":0,"comment_status":"closed","ping_status":"closed","template":"","meta":{"footnotes":""},"class_list":["post-188","page","type-page","status-publish","hentry"],"_links":{"self":[{"href":"https:\/\/www.stbgraebert.de\/index.php?rest_route=\/wp\/v2\/pages\/188","targetHints":{"allow":["GET"]}}],"collection":[{"href":"https:\/\/www.stbgraebert.de\/index.php?rest_route=\/wp\/v2\/pages"}],"about":[{"href":"https:\/\/www.stbgraebert.de\/index.php?rest_route=\/wp\/v2\/types\/page"}],"author":[{"embeddable":true,"href":"https:\/\/www.stbgraebert.de\/index.php?rest_route=\/wp\/v2\/users\/1"}],"replies":[{"embeddable":true,"href":"https:\/\/www.stbgraebert.de\/index.php?rest_route=%2Fwp%2Fv2%2Fcomments&post=188"}],"version-history":[{"count":5,"href":"https:\/\/www.stbgraebert.de\/index.php?rest_route=\/wp\/v2\/pages\/188\/revisions"}],"predecessor-version":[{"id":311,"href":"https:\/\/www.stbgraebert.de\/index.php?rest_route=\/wp\/v2\/pages\/188\/revisions\/311"}],"wp:attachment":[{"href":"https:\/\/www.stbgraebert.de\/index.php?rest_route=%2Fwp%2Fv2%2Fmedia&parent=188"}],"curies":[{"name":"wp","href":"https:\/\/api.w.org\/{rel}","templated":true}]}}