{"id":19,"date":"2013-11-16T00:00:00","date_gmt":"2013-11-16T00:00:00","guid":{"rendered":"http:\/\/localhost\/Themes\/2017\/Vision\/Website_WP\/index.php\/getting-started\/"},"modified":"2020-03-09T10:04:14","modified_gmt":"2020-03-09T10:04:14","slug":"getting-started","status":"publish","type":"page","link":"https:\/\/www.stbgraebert.de\/","title":{"rendered":"Home"},"content":{"rendered":"<p>Barbara Gr\u00e4bert<\/p>\n<p>Steuerberaterin &amp; vereidigte Buchpr\u00fcferin<\/p>\n<p>Das Steuerb\u00fcro Barbara Gr\u00e4bert existiert nunmehr seit ca. 30 Jahren.<br \/>\nUnser Unternehmen zeichnet sich vor Allem durch unsere gute Erreichbarkeit, Zuverl\u00e4ssigkeit sowie individueller, per\u00f6nlicher Beratung aus<\/p>\n<p>Dienstleistungen\n<\/p>\n<p>Die Aufgaben des Steuerberaters bestehen haupts\u00e4chlich in der vorausschauenden Beratung f\u00fcr eine optimale Steuergestaltung.<\/p>\n<p>Zu den wesentlichen Aufgaben des vereidigten Buchpr\u00fcfers geh\u00f6ren die Pr\u00fcfung der Buchf\u00fchrung eines Unternehmens und die Pr\u00fcfung eines den Vorschriften entsprechenden Jahresabschlusses.<\/p>\n<p>Die Erstellung von Lohnabrechnungen f\u00fcr Ihre Angestellten geh\u00f6rt ebenfalls zu unserem Angebot.<\/p>\n<p>Wir helfen Ihnen beim Ausf\u00fcllen von Formularen, wickeln den Schriftverkehr mit dem Finanzamt ab, formulieren Rechtsbehelfe wie Einspr\u00fcche und vieles mehr.<\/p>\n<p>Vereinbaren Sie jetzt einen Termin!<\/p>\n<p>Schicken Sie uns einfach einen Terminwunsch\u00fcber das Kontaktformular<\/p>\n<p>Kontakt<\/p>\n<p>Wir haben langj\u00e4hrige Erfahrung<\/p>\n<p>> 30<\/p>\n<p>Jahre Erfahrung<\/p>\n<p><!-- {\"name\":\"Home\",\"type\":\"layout\",\"children\":[{\"name\":\"Hero\",\"type\":\"section\",\"props\":{\"width\":\"expand\",\"padding\":\"small\",\"style\":\"secondary\",\"text_color\":\"light\",\"media\":\"images\\\/home-header.jpg\",\"height_viewport\":true,\"header_overlay\":\"light\",\"image\":\"wp-content\\\/uploads\\\/home-hero.jpg\",\"media_advanced\":true,\"image_size\":\"cover\",\"media_background\":null,\"media_overlay\":null,\"height\":\"\",\"animation\":\"fade\",\"header_transparent\":\"\",\"image_position\":\"top-center\",\"vertical_align\":\"middle\",\"title_position\":\"top-left\",\"title_rotation\":\"left\",\"title_breakpoint\":\"xl\",\"image_width\":\"\",\"image_height\":\"\"},\"children\":[{\"name\":\"\",\"type\":\"row\",\"props\":{\"layout\":\"fixed,\",\"breakpoint\":\"m\",\"fixed_width\":\"xxlarge\",\"gutter\":\"large\",\"width\":\"\",\"margin\":\"\",\"match\":false,\"vertical_align\":false,\"divider\":false},\"children\":[{\"name\":\"\",\"type\":\"column\",\"props\":{\"image_position\":\"center-center\",\"widths\":[\"fixed\"],\"style\":\"secondary\",\"padding\":\"xlarge\",\"preserve_color\":false},\"children\":[{\"name\":\"\",\"type\":\"headline\",\"props\":{\"title_element\":\"h1\",\"content\":\"Barbara Gr\\u00e4bert\",\"title_style\":\"h2\",\"margin_remove_bottom\":true,\"margin\":\"\",\"maxwidth\":\"large\",\"maxwidth_align\":\"center\"}},{\"name\":\"\",\"type\":\"text\",\"props\":{\"margin\":\"remove-vertical\",\"column_breakpoint\":\"m\",\"content\":\"\n\n<p>Steuerberaterin &amp; vereidigte Buchpr\\u00fcferin<\\\/p>\",\"text_style\":\"\",\"text_color\":\"\",\"text_size\":\"\",\"maxwidth\":\"large\",\"maxwidth_align\":\"center\"}}]},{\"name\":\"\",\"type\":\"column\",\"props\":{\"widths\":[\"\"],\"image_position\":\"center-center\"}}]}]},{\"name\":\"Company\",\"type\":\"section\",\"props\":{\"width\":\"small\",\"padding\":\"large\",\"style\":\"default\",\"text_color\":\"\",\"media\":\"\",\"height_viewport\":false,\"header_overlay\":\"light\",\"animation\":\"\",\"padding_remove_top\":false,\"image_size\":\"cover\",\"image_position\":\"center-center\",\"vertical_align\":\"middle\",\"title_position\":\"top-left\",\"title_rotation\":\"left\",\"title_breakpoint\":\"xl\",\"image\":\"wp-content\\\/uploads\\\/home-company-bg.jpg\",\"image_width\":\"\",\"image_height\":\"\",\"height\":\"\",\"animation_delay\":false,\"image_effect\":\"parallax\",\"image_parallax_bgx_start\":\"\",\"image_parallax_bgy_start\":\"-100\",\"image_parallax_bgy_end\":\"100\",\"image_parallax_breakpoint\":\"m\"},\"children\":[{\"name\":\"\",\"type\":\"row\",\"props\":{\"layout\":\",\",\"breakpoint\":\"m\",\"vertical_align\":false,\"gutter\":\"small\",\"fixed_width\":\"large\",\"width\":\"default\"},\"children\":[{\"name\":\"\",\"type\":\"column\",\"props\":{\"image_position\":\"center-center\",\"widths\":[\"\"]},\"children\":[{\"name\":\"\",\"type\":\"panel\",\"props\":{\"link_text\":\"Unternehmen\",\"title_element\":\"h2\",\"meta_style\":\"meta\",\"meta_align\":\"bottom\",\"icon_ratio\":4,\"image_align\":\"top\",\"image_grid_width\":\"1-2\",\"image_breakpoint\":\"m\",\"link_style\":\"primary\",\"margin\":\"\",\"title\":\"Arbeiten Sie mit gro\\u00dfartigen Menschen zusammen\",\"content\":\"\n\n<p>Das Steuerb\\u00fcro Barbara Gr\\u00e4bert existiert nunmehr seit ca. 30 Jahren.<\\\/p>\\n\n\n<p>Unser Unternehmen zeichnet sich vor Allem durch unsere gute Erreichbarkeit, Zuverl\\u00e4ssigkeit sowie individueller, per\\u00f6nlicher Beratung aus<\\\/p>\",\"icon\":\"\",\"link\":\"index.php?page_id=21\",\"text_align\":\"left\",\"maxwidth\":\"large\",\"maxwidth_align\":\"center\",\"title_style\":\"h3\"}}]},{\"name\":\"\",\"type\":\"column\",\"props\":{\"widths\":[\"\"],\"image_position\":\"center-center\"}}]}]},{\"name\":\"Dienstleistungen\",\"type\":\"section\",\"props\":{\"style\":\"default\",\"width\":\"small\",\"vertical_align\":\"middle\",\"title_position\":\"top-left\",\"title_rotation\":\"left\",\"title_breakpoint\":\"xl\",\"image_position\":\"center-center\",\"padding\":\"large\",\"animation\":\"fade\",\"animation_delay\":true},\"children\":[{\"name\":\"\",\"type\":\"row\",\"props\":{\"fixed_width\":\"large\",\"breakpoint\":\"m\",\"layout\":\"1-1\"},\"children\":[{\"name\":\"\",\"type\":\"column\",\"props\":{\"widths\":[\"1-1\"],\"image_position\":\"center-center\"},\"children\":[{\"name\":\"\",\"type\":\"headline\",\"props\":{\"title_element\":\"h1\",\"content\":\"Dienstleistungen\\n\"}},{\"name\":\"\",\"type\":\"grid\",\"props\":{\"show_title\":true,\"show_meta\":true,\"show_content\":true,\"show_image\":true,\"show_link\":true,\"grid_default\":\"1\",\"grid_medium\":\"3\",\"title_element\":\"h2\",\"meta_style\":\"meta\",\"meta_align\":\"bottom\",\"icon_ratio\":4,\"image_align\":\"top\",\"image_grid_width\":\"1-2\",\"image_breakpoint\":\"m\",\"link_text\":\"Read more\",\"link_style\":\"text\",\"margin\":\"default\",\"gutter\":\"large\",\"grid_small\":\"2\",\"panel_style\":\"\",\"text_align\":\"left\",\"text_align_breakpoint\":\"s\",\"text_align_fallback\":\"center\",\"title_style\":\"h3\",\"id\":\"Services\"},\"children\":[{\"name\":\"\",\"type\":\"grid_item\",\"props\":{\"title\":\"Steuerberatung\",\"content\":\"Die Aufgaben des Steuerberaters bestehen haupts\\u00e4chlich in der vorausschauenden Beratung f\\u00fcr eine optimale Steuergestaltung.\",\"link\":\"index.php?page_id=27\",\"icon\":\"\",\"image\":\"wp-content\\\/uploads\\\/services-01-tax-planning.svg\"}},{\"name\":\"\",\"type\":\"grid_item\",\"props\":{\"title\":\"Buchpr\\u00fcfung\",\"content\":\"\n\n<p>Zu den wesentlichen Aufgaben des vereidigten Buchpr\\u00fcfers geh\\u00f6ren die Pr\\u00fcfung der Buchf\\u00fchrung eines Unternehmens und die Pr\\u00fcfung eines den Vorschriften entsprechenden Jahresabschlusses.<\\\/p>\",\"link\":\"https:\\\/\\\/www.stbgraebert.de\\\/buchpruefung\\\/\",\"icon\":\"\",\"image\":\"wp-content\\\/uploads\\\/services-05-audit-and-assurance.svg\"}},{\"name\":\"\",\"type\":\"grid_item\",\"props\":{\"title\":\"Lohnabrechnung\",\"content\":\"Die Erstellung von Lohnabrechnungen f\\u00fcr Ihre Angestellten geh\\u00f6rt ebenfalls zu unserem Angebot.\",\"link\":\"https:\\\/\\\/www.stbgraebert.de\\\/legal-advisory\\\/\",\"icon\":\"\",\"image\":\"wp-content\\\/uploads\\\/services-03-financial-services.svg\"}},{\"name\":\"\",\"type\":\"grid_item\",\"props\":{\"title\":\"weitere Leistungen\",\"content\":\"\n\n<p>Wir helfen Ihnen beim Ausf\\u00fcllen von Formularen, wickeln den Schriftverkehr mit dem Finanzamt ab, formulieren Rechtsbehelfe wie Einspr\\u00fcche und vieles mehr.<\\\/p>\",\"link\":\"https:\\\/\\\/www.stbgraebert.de\\\/financial-services\\\/\",\"icon\":\"\",\"image\":\"wp-content\\\/uploads\\\/services-04-business-planning.svg\",\"meta\":\"\"}}]}]}]}]},{\"name\":\"Contact\",\"type\":\"section\",\"props\":{\"style\":\"default\",\"width\":\"\",\"vertical_align\":\"middle\",\"title_position\":\"top-left\",\"title_rotation\":\"left\",\"title_breakpoint\":\"xl\",\"image_position\":\"center-center\",\"padding\":\"none\",\"height\":\"\",\"animation\":\"\",\"animation_delay\":false},\"children\":[{\"name\":\"\",\"type\":\"row\",\"props\":{\"fixed_width\":\"large\",\"breakpoint\":\"m\",\"layout\":\",\",\"gutter\":\"collapse\",\"margin\":\"\",\"width\":\"\"},\"children\":[{\"name\":\"\",\"type\":\"column\",\"props\":{\"widths\":[\"\"],\"image_position\":\"center-center\",\"image\":\"wp-content\\\/uploads\\\/home-contact-01.jpg\",\"image_size\":\"cover\",\"image_width\":\"\",\"image_height\":\"\",\"image_visibility\":\"m\",\"style\":\"default\"}},{\"name\":\"\",\"type\":\"column\",\"props\":{\"widths\":[\"\"],\"image_position\":\"center-center\",\"image\":\"wp-content\\\/uploads\\\/home-contact-02.jpg\",\"image_size\":\"cover\",\"padding\":\"large\",\"image_width\":\"\",\"image_height\":\"\",\"style\":\"default\",\"preserve_color\":false,\"text_color\":\"light\",\"media_background\":\"#213b93\",\"media_blend_mode\":\"multiply\",\"media_overlay\":\"rgba(33, 59, 147, 0.75)\"},\"children\":[{\"name\":\"\",\"type\":\"headline\",\"props\":{\"title_element\":\"h2\",\"content\":\"Vereinbaren Sie jetzt einen Termin!\",\"maxwidth\":\"large\",\"maxwidth_align\":\"center\",\"text_align\":\"left\"}},{\"name\":\"\",\"type\":\"text\",\"props\":{\"margin\":\"default\",\"column_breakpoint\":\"m\",\"content\":\"\n\n<p>Schicken Sie uns einfach einen Terminwunsch<br \\\/>\\u00fcber das Kontaktformular<\\\/p>\",\"maxwidth\":\"large\",\"maxwidth_align\":\"center\",\"margin_remove_bottom\":false}},{\"name\":\"\",\"type\":\"button\",\"props\":{\"gutter\":\"medium\",\"margin\":\"large\",\"maxwidth\":\"large\",\"maxwidth_align\":\"center\"},\"children\":[{\"name\":\"\",\"type\":\"button_item\",\"props\":{\"button_style\":\"primary\",\"icon_align\":\"left\",\"content\":\"Kontakt\",\"link\":\"index.php?page_id=24\"}}]}]}]}]},{\"name\":\"Projects\",\"type\":\"section\",\"props\":{\"width\":\"small\",\"padding\":\"large\",\"style\":\"default\",\"text_color\":\"\",\"media\":\"\",\"height_viewport\":false,\"header_overlay\":\"light\",\"animation\":\"\",\"padding_remove_top\":false,\"image_size\":\"cover\",\"image_position\":\"center-center\",\"vertical_align\":\"middle\",\"title_position\":\"top-left\",\"title_rotation\":\"left\",\"title_breakpoint\":\"xl\",\"image\":\"\",\"image_width\":\"1567\",\"image_height\":\"569\",\"height\":\"\",\"animation_delay\":false},\"children\":[{\"name\":\"\",\"type\":\"row\",\"props\":{\"layout\":\",\",\"breakpoint\":\"s\",\"vertical_align\":true,\"gutter\":\"large\",\"fixed_width\":\"large\",\"width\":\"default\"},\"children\":[{\"name\":\"\",\"type\":\"column\",\"props\":{\"image_position\":\"center-center\",\"widths\":[\"\"]},\"children\":[{\"name\":\"\",\"type\":\"panel\",\"props\":{\"link_text\":\"Portfolio\",\"title_element\":\"h2\",\"meta_style\":\"meta\",\"meta_align\":\"bottom\",\"icon_ratio\":4,\"image_align\":\"top\",\"image_grid_width\":\"1-2\",\"image_breakpoint\":\"m\",\"link_style\":\"primary\",\"margin\":\"default\",\"title\":\"Warum Sie uns beauftragen sollten\",\"content\":\"\n\n<p>Wir haben langj\\u00e4hrige Erfahrung<\\\/p>\",\"icon\":\"\",\"link\":\"https:\\\/\\\/www.stbgraebert.de\\\/services\\\/\",\"text_align\":\"left\",\"maxwidth\":\"\",\"maxwidth_align\":\"right\",\"panel_style\":\"\",\"title_decoration\":\"\",\"link_size\":\"\",\"title_style\":\"h3\"}}]},{\"name\":\"\",\"type\":\"column\",\"props\":{\"widths\":[\"\"],\"image_position\":\"center-center\"},\"children\":[{\"name\":\"\",\"type\":\"headline\",\"props\":{\"title_element\":\"h3\",\"content\":\"> 30\",\"title_style\":\"heading-hero\",\"title_color\":\"primary\",\"maxwidth\":\"\",\"maxwidth_align\":\"\",\"animation\":\"none\"}},{\"name\":\"\",\"type\":\"headline\",\"props\":{\"title_element\":\"h3\",\"content\":\"Jahre Erfahrung\",\"title_style\":\"h5\",\"title_color\":\"muted\",\"maxwidth\":\"\",\"maxwidth_align\":\"\",\"margin_remove_top\":true}}]}]}]}]} --><\/p>\n","protected":false},"excerpt":{"rendered":"<p>Barbara Gr\u00e4bert Steuerberaterin &amp; vereidigte Buchpr\u00fcferin Das Steuerb\u00fcro Barbara Gr\u00e4bert existiert nunmehr seit ca. 30 Jahren. Unser Unternehmen zeichnet sich vor Allem durch unsere gute Erreichbarkeit, Zuverl\u00e4ssigkeit sowie individueller, per\u00f6nlicher Beratung aus Dienstleistungen Die Aufgaben des Steuerberaters bestehen haupts\u00e4chlich in der vorausschauenden Beratung f\u00fcr eine optimale Steuergestaltung. Zu den wesentlichen Aufgaben des vereidigten Buchpr\u00fcfers geh\u00f6ren [&hellip;]<\/p>\n","protected":false},"author":1,"featured_media":0,"parent":0,"menu_order":8,"comment_status":"closed","ping_status":"closed","template":"","meta":{"footnotes":""},"class_list":["post-19","page","type-page","status-publish","hentry"],"_links":{"self":[{"href":"https:\/\/www.stbgraebert.de\/index.php?rest_route=\/wp\/v2\/pages\/19","targetHints":{"allow":["GET"]}}],"collection":[{"href":"https:\/\/www.stbgraebert.de\/index.php?rest_route=\/wp\/v2\/pages"}],"about":[{"href":"https:\/\/www.stbgraebert.de\/index.php?rest_route=\/wp\/v2\/types\/page"}],"author":[{"embeddable":true,"href":"https:\/\/www.stbgraebert.de\/index.php?rest_route=\/wp\/v2\/users\/1"}],"replies":[{"embeddable":true,"href":"https:\/\/www.stbgraebert.de\/index.php?rest_route=%2Fwp%2Fv2%2Fcomments&post=19"}],"version-history":[{"count":31,"href":"https:\/\/www.stbgraebert.de\/index.php?rest_route=\/wp\/v2\/pages\/19\/revisions"}],"predecessor-version":[{"id":419,"href":"https:\/\/www.stbgraebert.de\/index.php?rest_route=\/wp\/v2\/pages\/19\/revisions\/419"}],"wp:attachment":[{"href":"https:\/\/www.stbgraebert.de\/index.php?rest_route=%2Fwp%2Fv2%2Fmedia&parent=19"}],"curies":[{"name":"wp","href":"https:\/\/api.w.org\/{rel}","templated":true}]}}