{"id":20,"date":"2016-09-13T13:10:15","date_gmt":"2016-09-13T13:10:15","guid":{"rendered":"http:\/\/localhost\/Themes\/2017\/Vision\/Website_WP\/index.php\/services\/"},"modified":"2018-01-29T12:06:50","modified_gmt":"2018-01-29T12:06:50","slug":"services","status":"publish","type":"page","link":"https:\/\/www.stbgraebert.de\/?page_id=20","title":{"rendered":"Services"},"content":{"rendered":"<p>Dienstleistungen nah am Mandanten<\/p>\n<p>Vor allem durch gute Erreichbarkeit, Zuverl\u00e4ssigkeit sowie individuelle und pers\u00f6nliche Beratung.<\/p>\n<p>Dienstleistungen\n<\/p>\n<p>Die Aufgaben des Steuerberaters bestehen haupts\u00e4chlich in der vorausschauenden Beratung f\u00fcr eine optimale Steuergestaltung.<\/p>\n<p>Zu den wesentlichen Aufgaben des vereidigten Buchpr\u00fcfers geh\u00f6ren die Pr\u00fcfung der Buchf\u00fchrung eines Unternehmens und die Pr\u00fcfung eines den Vorschriften entsprechenden Jahresabschlusses.<\/p>\n<p>Die Erstellung von Lohnabrechnungen f\u00fcr Ihre Angestellten geh\u00f6rt ebenfalls zu unserem Angebot.<\/p>\n<p>Wir helfen Ihnen beim Ausf\u00fcllen von Formularen, wickeln den Schriftverkehr mit dem Finanzamt ab, formulieren Rechtsbehelfe wie Einspr\u00fcche und vieles mehr.<\/p>\n<p><!-- {\"name\":\"Portfolio\",\"type\":\"layout\",\"children\":[{\"name\":\"Hero\",\"type\":\"section\",\"props\":{\"width\":\"small\",\"padding\":\"xlarge\",\"style\":\"default\",\"header_overlay\":\"\",\"animation\":\"fade\",\"text_color\":\"light\",\"media\":\"\",\"image_size\":\"cover\",\"padding_remove_bottom\":false,\"vertical_align\":\"middle\",\"title_position\":\"top-left\",\"title_rotation\":\"left\",\"title_breakpoint\":\"xl\",\"image_position\":\"center-center\",\"video\":\"wp-content\\\/uploads\\\/services-hero-video.mp4\",\"overlap\":false,\"media_background\":\"#2945a4\",\"media_blend_mode\":\"multiply\",\"height\":\"\",\"media_overlay\":\"rgba(30, 54, 132, 0.61)\",\"css\":\"\",\"animation_delay\":true,\"video_fallback\":\"\"},\"children\":[{\"name\":\"\",\"type\":\"row\",\"props\":{\"layout\":\"1-1\",\"fixed_width\":\"large\",\"breakpoint\":\"m\",\"gutter\":\"small\",\"width\":\"\"},\"children\":[{\"name\":\"\",\"type\":\"column\",\"props\":{\"widths\":[\"1-1\"],\"image_position\":\"center-center\",\"style\":\"\",\"text_color\":\"light\"},\"children\":[{\"name\":\"\",\"type\":\"headline\",\"props\":{\"title_element\":\"h1\",\"content\":\"Dienstleistungen nah am Mandanten\",\"maxwidth\":\"large\",\"text_align\":\"left\",\"text_align_breakpoint\":\"s\",\"text_align_fallback\":\"center\"}},{\"name\":\"\",\"type\":\"text\",\"props\":{\"margin\":\"default\",\"column_breakpoint\":\"m\",\"content\":\"Vor allem durch gute Erreichbarkeit, Zuverl\\u00e4ssigkeit sowie individuelle und pers\\u00f6nliche Beratung.\",\"maxwidth\":\"large\",\"text_size\":\"large\",\"text_align\":\"left\",\"text_align_breakpoint\":\"s\",\"text_align_fallback\":\"center\"}}]}]}]},{\"name\":\"Dienstleistungen\",\"type\":\"section\",\"props\":{\"style\":\"default\",\"width\":\"small\",\"vertical_align\":\"middle\",\"title_position\":\"top-left\",\"title_rotation\":\"left\",\"title_breakpoint\":\"xl\",\"image_position\":\"center-center\",\"padding\":\"large\",\"animation\":\"fade\",\"animation_delay\":true},\"children\":[{\"name\":\"\",\"type\":\"row\",\"props\":{\"fixed_width\":\"large\",\"breakpoint\":\"m\",\"layout\":\"1-1\"},\"children\":[{\"name\":\"\",\"type\":\"column\",\"props\":{\"widths\":[\"1-1\"],\"image_position\":\"center-center\"},\"children\":[{\"name\":\"\",\"type\":\"headline\",\"props\":{\"title_element\":\"h1\",\"content\":\"Dienstleistungen\\n\"}},{\"name\":\"\",\"type\":\"grid\",\"props\":{\"show_title\":true,\"show_meta\":true,\"show_content\":true,\"show_image\":true,\"show_link\":true,\"grid_default\":\"1\",\"grid_medium\":\"3\",\"title_element\":\"h2\",\"meta_style\":\"meta\",\"meta_align\":\"bottom\",\"icon_ratio\":4,\"image_align\":\"top\",\"image_grid_width\":\"1-2\",\"image_breakpoint\":\"m\",\"link_text\":\"Read more\",\"link_style\":\"text\",\"margin\":\"default\",\"gutter\":\"large\",\"grid_small\":\"2\",\"panel_style\":\"\",\"text_align\":\"left\",\"text_align_breakpoint\":\"s\",\"text_align_fallback\":\"center\",\"title_style\":\"h3\",\"id\":\"Services\"},\"children\":[{\"name\":\"\",\"type\":\"grid_item\",\"props\":{\"title\":\"Steuerberatung\",\"content\":\"Die Aufgaben des Steuerberaters bestehen haupts\\u00e4chlich in der vorausschauenden Beratung f\\u00fcr eine optimale Steuergestaltung.\",\"link\":\"index.php?page_id=27\",\"icon\":\"\",\"image\":\"wp-content\\\/uploads\\\/services-01-tax-planning.svg\"}},{\"name\":\"\",\"type\":\"grid_item\",\"props\":{\"title\":\"Buchpr\\u00fcfung\",\"content\":\"\n\n<p>Zu den wesentlichen Aufgaben des vereidigten Buchpr\\u00fcfers geh\\u00f6ren die Pr\\u00fcfung der Buchf\\u00fchrung eines Unternehmens und die Pr\\u00fcfung eines den Vorschriften entsprechenden Jahresabschlusses.<\\\/p>\",\"link\":\"https:\\\/\\\/www.stbgraebert.de\\\/buchpruefung\\\/\",\"icon\":\"\",\"image\":\"wp-content\\\/uploads\\\/services-05-audit-and-assurance.svg\"}},{\"name\":\"\",\"type\":\"grid_item\",\"props\":{\"title\":\"Lohnabrechnung\",\"content\":\"Die Erstellung von Lohnabrechnungen f\\u00fcr Ihre Angestellten geh\\u00f6rt ebenfalls zu unserem Angebot.\",\"link\":\"https:\\\/\\\/www.stbgraebert.de\\\/legal-advisory\\\/\",\"icon\":\"\",\"image\":\"wp-content\\\/uploads\\\/services-03-financial-services.svg\"}},{\"name\":\"\",\"type\":\"grid_item\",\"props\":{\"title\":\"weitere Leistungen\",\"content\":\"\n\n<p>Wir helfen Ihnen beim Ausf\\u00fcllen von Formularen, wickeln den Schriftverkehr mit dem Finanzamt ab, formulieren Rechtsbehelfe wie Einspr\\u00fcche und vieles mehr.<\\\/p>\",\"link\":\"https:\\\/\\\/www.stbgraebert.de\\\/financial-services\\\/\",\"icon\":\"\",\"image\":\"wp-content\\\/uploads\\\/services-04-business-planning.svg\",\"meta\":\"\"}}]}]}]}]}]} --><\/p>\n","protected":false},"excerpt":{"rendered":"<p>Dienstleistungen nah am Mandanten Vor allem durch gute Erreichbarkeit, Zuverl\u00e4ssigkeit sowie individuelle und pers\u00f6nliche Beratung. Dienstleistungen Die Aufgaben des Steuerberaters bestehen haupts\u00e4chlich in der vorausschauenden Beratung f\u00fcr eine optimale Steuergestaltung. Zu den wesentlichen Aufgaben des vereidigten Buchpr\u00fcfers geh\u00f6ren die Pr\u00fcfung der Buchf\u00fchrung eines Unternehmens und die Pr\u00fcfung eines den Vorschriften entsprechenden Jahresabschlusses. Die Erstellung von [&hellip;]<\/p>\n","protected":false},"author":1,"featured_media":0,"parent":0,"menu_order":9,"comment_status":"closed","ping_status":"closed","template":"","meta":{"footnotes":""},"class_list":["post-20","page","type-page","status-publish","hentry"],"_links":{"self":[{"href":"https:\/\/www.stbgraebert.de\/index.php?rest_route=\/wp\/v2\/pages\/20","targetHints":{"allow":["GET"]}}],"collection":[{"href":"https:\/\/www.stbgraebert.de\/index.php?rest_route=\/wp\/v2\/pages"}],"about":[{"href":"https:\/\/www.stbgraebert.de\/index.php?rest_route=\/wp\/v2\/types\/page"}],"author":[{"embeddable":true,"href":"https:\/\/www.stbgraebert.de\/index.php?rest_route=\/wp\/v2\/users\/1"}],"replies":[{"embeddable":true,"href":"https:\/\/www.stbgraebert.de\/index.php?rest_route=%2Fwp%2Fv2%2Fcomments&post=20"}],"version-history":[{"count":16,"href":"https:\/\/www.stbgraebert.de\/index.php?rest_route=\/wp\/v2\/pages\/20\/revisions"}],"predecessor-version":[{"id":363,"href":"https:\/\/www.stbgraebert.de\/index.php?rest_route=\/wp\/v2\/pages\/20\/revisions\/363"}],"wp:attachment":[{"href":"https:\/\/www.stbgraebert.de\/index.php?rest_route=%2Fwp%2Fv2%2Fmedia&parent=20"}],"curies":[{"name":"wp","href":"https:\/\/api.w.org\/{rel}","templated":true}]}}