{"id":21,"date":"2016-09-13T13:16:23","date_gmt":"2016-09-13T13:16:23","guid":{"rendered":"http:\/\/localhost\/Themes\/2017\/Vision\/Website_WP\/index.php\/company\/"},"modified":"2022-09-15T13:36:46","modified_gmt":"2022-09-15T11:36:46","slug":"company","status":"publish","type":"page","link":"https:\/\/www.stbgraebert.de\/?page_id=21","title":{"rendered":"Company"},"content":{"rendered":"<div>\n<h1>Steuerberatung seit 30 Jahren<\/h1>\n<\/div>\n<h3>Die Geschichte<br \/>\nhinter dem<br \/>\nUnternehmen<\/h3>\n<div>\n<p>Als ich 16 Jahre alt wurde, hatte ich den Wunsch, die Ausbildung zur Steuerfachangestellten zu machen, die ich dann 3 Jahre sp\u00e4ter abschloss.<br \/>\n    Mein Traum war es allerdings, ein eigenes B\u00fcro zu er\u00f6ffnen.<\/p>\n<p> Ich entschloss mich, 1981 die Pr\u00fcfung zur Steuerberaterin zu machen und bestand diese am 01.11.1981.<br \/>\n<br \/>Im selben Jahr er\u00f6ffnete ich mein B\u00fcro, welches bis heute erfolgreich besteht.<\/p>\n<p>\n1991 schloss ich die Zusatzpr\u00fcfung zur vereidigten Buchpr\u00fcferin ab.<br \/>\nMittlerweile geh\u00f6ren ca. 500 Mandanten aller Berufszweige zu meinen Kunden und 7 Mitarbeiter zu meinem Team. <\/p>\n<\/div>\n<h3>Inhaberin der Kanzlei<\/h3>\n<div>\n<p>    <img decoding=\"async\" src=\"\/wp-content\/uploads\/Enlight14.jpg\" alt=\"\"><\/p>\n<h6>Barbara Gr\u00e4bert<\/h6>\n<p>Steuerberaterin &#038; vereidigte Buchpr\u00fcferin<br \/><a href=\"mailto:bgraebert@stbgraebert.de\">Mail<\/a><\/p>\n<p><a href=\"mailto:bgraebert@stbgraebert.de\"><\/a><\/p>\n<\/div>\n<div>\n<h3>Lernen Sie das Team kennen<\/h3>\n<div>Wir sind Ihre kompetenten Berater!<\/div>\n<\/div>\n<ul>\n<li>\n<p>        <img decoding=\"async\" src=\"\/wp-content\/uploads\/Enlight18.jpg\" alt=\"\"><\/p>\n<h6>Patricia Gr\u00e4bert<\/h6>\n<p>Steuerfachangestellte <br \/><a href=\"mailto:pgraebert@stbgraebert.de\">Mail<\/a><\/p>\n<p><a href=\"mailto:pgraebert@stbgraebert.de\"><\/a><\/p>\n<\/li>\n<li>\n<p>        <img decoding=\"async\" src=\"\/wp-content\/uploads\/Enlight17-e1518165861391.jpg\" alt=\"\"><\/p>\n<h6>Christopher Danka<\/h6>\n<p>Steuerfachangestellter<br \/><a href=\"mailto:cdanka@stbgraebert.de\">Mail<\/a><\/p>\n<p><a href=\"mailto:cdanka@stbgraebert.de\"><\/a><\/p>\n<\/li>\n<li>\n<p>        <img decoding=\"async\" src=\"\/wp-content\/uploads\/Enlight15.jpg\" alt=\"\"><\/p>\n<h6>Zengde Sui<\/h6>\n<p>Steuerfachangestellter<br \/><a href=\"mailto:zsui@stbgraebert.de\">Mail<\/a><\/p>\n<p><a href=\"mailto:zsui@stbgraebert.de\"><\/a><\/p>\n<\/li>\n<li>\n<p>        <img decoding=\"async\" src=\"\/wp-content\/uploads\/Enlight16.jpg\" alt=\"\"><\/p>\n<h6>Anke Birkner<\/h6>\n<p>Steuerfachangestellte \/ Lohnbuchhaltung<br \/><a href=\"mailto:abirkner@stbgraebert.de\">Mail<\/a><\/p>\n<p><a href=\"mailto:abirkner@stbgraebert.de\"><\/a><\/p>\n<\/li>\n<li>\n<p>        <img decoding=\"async\" src=\"\/wp-content\/uploads\/Ana.jpg\" alt=\"\"><\/p>\n<h6>Ana Minich<\/h6>\n<p>Lohnbuchhaltung<br \/><a href=\"mailto:aminich@stbgraebert.de\">Mail<\/a><\/p>\n<p><a href=\"mailto:gmerzbach@stbgraebert.de\"><\/a><\/p>\n<\/li>\n<li>\n<p>        <img decoding=\"async\" src=\"\/wp-content\/uploads\/Enlight19.jpg\" alt=\"\"><\/p>\n<h6>Christina Bunschei<\/h6>\n<p>Sekretariat<\/p>\n<p><a href=\"mailto:cbunschei@stbgraebert.de\">Mail<\/a><\/p>\n<p><a href=\"mailto:cbunschei@stbgraebert.de\"><\/a><\/p>\n<\/li>\n<\/ul>\n<p><!--more--><br \/>\n<!-- {\"name\":\"About\",\"type\":\"layout\",\"children\":[{\"name\":\"Hero\",\"type\":\"section\",\"props\":{\"style\":\"default\",\"width\":\"expand\",\"vertical_align\":\"middle\",\"title_position\":\"top-left\",\"title_rotation\":\"left\",\"title_breakpoint\":\"xl\",\"image_position\":\"center-center\",\"padding\":\"xlarge\",\"image\":\"wp-content\\\/uploads\\\/company-hero.jpg\",\"title\":\"\",\"image_effect\":\"parallax\",\"image_parallax_bgy_start\":\"0\",\"image_parallax_bgy_end\":110,\"image_size\":\"cover\",\"animation\":\"fade\",\"animation_delay\":\"200\",\"image_parallax_breakpoint\":\"l\"},\"children\":[{\"name\":\"\",\"type\":\"row\",\"props\":{\"margin\":\"large\",\"match\":false,\"column_gap\":\"small\",\"row_gap\":\"small\"},\"children\":[{\"name\":\"\",\"type\":\"column\",\"props\":{\"image_position\":\"center-center\",\"image\":\"\",\"width_medium\":\"1-1\",\"media_overlay_gradient\":\"\"},\"children\":[{\"name\":\"\",\"type\":\"panel\",\"props\":{\"link_text\":\"Read more\",\"title_element\":\"h1\",\"meta_style\":\"meta\",\"meta_align\":\"below-title\",\"image_align\":\"top\",\"image_grid_width\":\"1-2\",\"link_style\":\"default\",\"margin\":\"default\",\"panel_style\":\"card-secondary\",\"title\":\"Steuerberatung seit 30 Jahren\",\"maxwidth\":\"xlarge\",\"title_style\":\"h2\",\"image_grid_breakpoint\":\"m\",\"icon_width\":80,\"title_hover_style\":\"reset\",\"title_align\":\"top\",\"title_grid_width\":\"1-2\",\"title_grid_breakpoint\":\"m\",\"meta_element\":\"div\",\"content_column_breakpoint\":\"m\",\"image_svg_color\":\"emphasis\"}}]}]}]},{\"name\":\"Team\",\"type\":\"section\",\"props\":{\"width\":\"default\",\"padding\":\"large\",\"style\":\"default\",\"padding_remove_top\":false,\"image_size\":\"cover\",\"image_position\":\"center-center\",\"vertical_align\":\"middle\",\"title_position\":\"top-left\",\"title_rotation\":\"left\",\"title_breakpoint\":\"xl\",\"padding_remove_bottom\":false,\"animation_delay\":false,\"id\":\"about-us\"},\"children\":[{\"name\":\"\",\"type\":\"row\",\"props\":{\"layout\":\"1-3,2-3\",\"width\":\"default\",\"margin\":\"xlarge\"},\"children\":[{\"name\":\"\",\"type\":\"column\",\"props\":{\"image_position\":\"center-center\",\"width_medium\":\"1-3\",\"media_overlay_gradient\":\"\"},\"children\":[{\"name\":\"\",\"type\":\"headline\",\"props\":{\"title_element\":\"h3\",\"title_decoration\":\"bullet\",\"content\":\"Die Geschichte\\nhinter dem \\nUnternehmen\",\"id\":\"our-story\"}}]},{\"name\":\"\",\"type\":\"column\",\"props\":{\"image_position\":\"center-center\",\"width_medium\":\"2-3\",\"media_overlay_gradient\":\"\"},\"children\":[{\"name\":\"\",\"type\":\"text\",\"props\":{\"column_breakpoint\":\"m\",\"margin\":\"default\",\"content\":\"\n\n<p>Als ich 16 Jahre alt wurde, hatte ich den Wunsch, die Ausbildung zur Steuerfachangestellten zu machen, die ich dann 3 Jahre sp\\u00e4ter abschloss.\\n    Mein Traum war es allerdings, ein eigenes B\\u00fcro zu er\\u00f6ffnen.<\\\/p>\n\n<p> Ich entschloss mich, 1981 die Pr\\u00fcfung zur Steuerberaterin zu machen und bestand diese am 01.11.1981. \\n<br \/>Im selben Jahr er\\u00f6ffnete ich mein B\\u00fcro, welches bis heute erfolgreich besteht.<\\\/p>\n\n<p>\\n1991 schloss ich die Zusatzpr\\u00fcfung zur vereidigten Buchpr\\u00fcferin ab. \\nMittlerweile geh\\u00f6ren ca. 500 Mandanten aller Berufszweige zu meinen Kunden und 7 Mitarbeiter zu meinem Team. <\\\/p>\",\"dropcap\":false}}]}]},{\"name\":\"\",\"type\":\"row\",\"props\":{\"layout\":\"1-3,2-3\",\"margin\":\"xlarge\",\"id\":\"company-heads\"},\"children\":[{\"name\":\"\",\"type\":\"column\",\"props\":{\"image_position\":\"center-center\",\"width_medium\":\"1-3\",\"media_overlay_gradient\":\"\"},\"children\":[{\"name\":\"\",\"type\":\"headline\",\"props\":{\"title_element\":\"h3\",\"title_decoration\":\"bullet\",\"content\":\"Inhaberin der Kanzlei\",\"maxwidth\":\"medium\",\"id\":\"company-heads\"}}]},{\"name\":\"\",\"type\":\"column\",\"props\":{\"image_position\":\"center-center\",\"width_medium\":\"2-3\",\"media_overlay_gradient\":\"\"},\"children\":[{\"name\":\"\",\"type\":\"grid\",\"props\":{\"show_title\":true,\"show_meta\":true,\"show_content\":true,\"show_image\":true,\"show_link\":true,\"grid_default\":\"2\",\"grid_medium\":\"\",\"title_element\":\"h6\",\"meta_style\":\"\",\"meta_align\":\"below-title\",\"image_align\":\"top\",\"image_grid_width\":\"1-2\",\"link_text\":\"\",\"link_style\":\"default\",\"margin\":\"default\",\"title_style\":\"h6\",\"meta_margin\":\"remove\",\"image_width\":\"600\",\"grid_small\":\"3\",\"meta_color\":\"muted\",\"grid_column_gap\":\"medium\",\"grid_row_gap\":\"medium\",\"grid_divider\":false,\"image_grid_breakpoint\":\"m\",\"title_link\":true,\"image_link\":true,\"icon_width\":80,\"animation\":null,\"item_animation\":true,\"filter_style\":\"tab\",\"filter_all\":true,\"filter_position\":\"top\",\"filter_align\":\"left\",\"filter_grid_width\":\"auto\",\"filter_grid_breakpoint\":\"m\",\"title_hover_style\":\"reset\",\"title_align\":\"top\",\"title_grid_width\":\"1-2\",\"title_grid_breakpoint\":\"m\",\"meta_element\":\"div\",\"content_column_breakpoint\":\"m\",\"image_svg_color\":\"emphasis\"},\"children\":[{\"name\":\"\",\"type\":\"grid_item\",\"props\":{\"title\":\"Barbara Gr\\u00e4bert\",\"meta\":\"Steuerberaterin & vereidigte Buchpr\\u00fcferin<br \/><a href=\\\"mailto:bgraebert@stbgraebert.de\\\">Mail<\\\/a>\",\"image\":\"wp-content\\\/uploads\\\/Enlight14.jpg\",\"link\":\"mailto:bgraebert@stbgraebert.de\"}}]}]}]},{\"name\":\"\",\"type\":\"row\",\"props\":{\"layout\":\"1-3,2-3\",\"margin\":\"xlarge\",\"vertical_align\":false},\"children\":[{\"name\":\"\",\"type\":\"column\",\"props\":{\"image_position\":\"center-center\",\"width_medium\":\"1-3\",\"media_overlay_gradient\":\"\"},\"children\":[{\"name\":\"meet-the-team\",\"type\":\"panel\",\"props\":{\"link_text\":\"Read more\",\"title_element\":\"h3\",\"meta_style\":\"meta\",\"meta_align\":\"below-title\",\"image_align\":\"top\",\"image_grid_width\":\"1-2\",\"link_style\":\"default\",\"margin\":\"small\",\"title\":\"Lernen Sie das Team kennen\",\"title_decoration\":\"bullet\",\"content\":\"Wir sind Ihre kompetenten Berater!\",\"id\":\"meet-the-team\",\"image_grid_breakpoint\":\"m\",\"icon_width\":80,\"title_hover_style\":\"reset\",\"title_align\":\"top\",\"title_grid_width\":\"1-2\",\"title_grid_breakpoint\":\"m\",\"meta_element\":\"div\",\"content_column_breakpoint\":\"m\",\"image_svg_color\":\"emphasis\"}}]},{\"name\":\"\",\"type\":\"column\",\"props\":{\"image_position\":\"center-center\",\"width_medium\":\"2-3\",\"media_overlay_gradient\":\"\"},\"children\":[{\"name\":\"\",\"type\":\"grid\",\"props\":{\"show_title\":true,\"show_meta\":true,\"show_content\":true,\"show_image\":true,\"show_link\":true,\"grid_default\":\"2\",\"grid_medium\":\"\",\"title_element\":\"h6\",\"meta_style\":\"\",\"meta_align\":\"below-title\",\"image_align\":\"top\",\"image_grid_width\":\"1-2\",\"link_text\":\"\",\"link_style\":\"default\",\"margin\":\"\",\"title_style\":\"h6\",\"meta_margin\":\"remove\",\"grid_mode\":\"\",\"grid_small\":\"3\",\"image_width\":\"300\",\"image_height\":\"400\",\"meta_color\":\"muted\",\"grid_column_gap\":\"medium\",\"grid_row_gap\":\"medium\",\"image_grid_breakpoint\":\"m\",\"title_link\":true,\"image_link\":true,\"icon_width\":80,\"animation\":null,\"item_animation\":true,\"filter_style\":\"tab\",\"filter_all\":true,\"filter_position\":\"top\",\"filter_align\":\"left\",\"filter_grid_width\":\"auto\",\"filter_grid_breakpoint\":\"m\",\"title_hover_style\":\"reset\",\"title_align\":\"top\",\"title_grid_width\":\"1-2\",\"title_grid_breakpoint\":\"m\",\"meta_element\":\"div\",\"content_column_breakpoint\":\"m\",\"image_svg_color\":\"emphasis\"},\"children\":[{\"name\":\"\",\"type\":\"grid_item\",\"props\":{\"title\":\"Patricia Gr\\u00e4bert\",\"meta\":\"Steuerfachangestellte <br \/><a href=\\\"mailto:pgraebert@stbgraebert.de\\\">Mail<\\\/a>\",\"image\":\"wp-content\\\/uploads\\\/Enlight18.jpg\",\"link\":\"mailto:pgraebert@stbgraebert.de\",\"content\":\"\",\"image_alt\":\"\"}},{\"name\":\"\",\"type\":\"grid_item\",\"props\":{\"title\":\"Christopher Danka\",\"meta\":\"Steuerfachangestellter<br \/><a href=\\\"mailto:cdanka@stbgraebert.de\\\">Mail<\\\/a>\",\"image\":\"wp-content\\\/uploads\\\/Enlight17-e1518165861391.jpg\",\"link\":\"mailto:cdanka@stbgraebert.de\"}},{\"name\":\"\",\"type\":\"grid_item\",\"props\":{\"title\":\"Zengde Sui\",\"meta\":\"Steuerfachangestellter<br \/><a href=\\\"mailto:zsui@stbgraebert.de\\\">Mail<\\\/a>\",\"image\":\"wp-content\\\/uploads\\\/Enlight15.jpg\",\"link\":\"mailto:zsui@stbgraebert.de\"}},{\"name\":\"\",\"type\":\"grid_item\",\"props\":{\"title\":\"Anke Birkner\",\"meta\":\"Steuerfachangestellte \\\/ Lohnbuchhaltung<br \/><a href=\\\"mailto:abirkner@stbgraebert.de\\\">Mail<\\\/a>\",\"image\":\"wp-content\\\/uploads\\\/Enlight16.jpg\",\"link\":\"mailto:abirkner@stbgraebert.de\"}},{\"name\":\"\",\"type\":\"grid_item\",\"props\":{\"title\":\"Ana Minich\",\"meta\":\"Lohnbuchhaltung<br \/><a href=\\\"mailto:aminich@stbgraebert.de\\\">Mail<\\\/a>\",\"image\":\"wp-content\\\/uploads\\\/Ana.jpg\",\"link\":\"mailto:gmerzbach@stbgraebert.de\"}},{\"name\":\"\",\"type\":\"grid_item\",\"props\":{\"title\":\"Christina Bunschei\",\"meta\":\"Sekretariat\n\n<a href=\\\"mailto:cbunschei@stbgraebert.de\\\">Mail<\\\/a>\",\"image\":\"wp-content\\\/uploads\\\/Enlight19.jpg\",\"link\":\"mailto:cbunschei@stbgraebert.de\"}}]}]}]}]},{\"name\":\"Call to action\",\"type\":\"section\",\"props\":{\"style\":\"default\",\"width\":\"default\",\"vertical_align\":\"middle\",\"title_position\":\"top-left\",\"title_rotation\":\"left\",\"title_breakpoint\":\"xl\",\"image_position\":\"center-center\",\"padding\":\"large\",\"image\":\"wp-content\\\/uploads\\\/company-cta-bg.jpg\",\"media_background\":\"rgba(55, 82, 170, 0.9)\",\"media_blend_mode\":\"multiply\",\"media_overlay\":\"rgba(30, 54, 132, 0.89)\",\"text_color\":\"light\"},\"children\":[{\"name\":\"\",\"type\":\"row\",\"props\":{\"margin\":\"large\",\"match\":false,\"vertical_align\":false,\"column_gap\":\"small\",\"row_gap\":\"small\"},\"children\":[{\"name\":\"\",\"type\":\"column\",\"props\":{\"image_position\":\"center-center\",\"image\":\"\",\"width_medium\":\"1-1\",\"media_overlay_gradient\":\"\"}}]}]}],\"version\":\"2.6.8\"} --><\/p>\n","protected":false},"excerpt":{"rendered":"<p>Steuerberatung seit 30 Jahren Die Geschichte hinter dem Unternehmen Als ich 16 Jahre alt wurde, hatte ich den Wunsch, die Ausbildung zur Steuerfachangestellten zu machen, die ich dann 3 Jahre sp\u00e4ter abschloss. Mein Traum war es allerdings, ein eigenes B\u00fcro zu er\u00f6ffnen. Ich entschloss mich, 1981 die Pr\u00fcfung zur Steuerberaterin zu machen und bestand diese [&hellip;]<\/p>\n","protected":false},"author":1,"featured_media":0,"parent":0,"menu_order":10,"comment_status":"closed","ping_status":"closed","template":"","meta":{"footnotes":""},"class_list":["post-21","page","type-page","status-publish","hentry"],"_links":{"self":[{"href":"https:\/\/www.stbgraebert.de\/index.php?rest_route=\/wp\/v2\/pages\/21","targetHints":{"allow":["GET"]}}],"collection":[{"href":"https:\/\/www.stbgraebert.de\/index.php?rest_route=\/wp\/v2\/pages"}],"about":[{"href":"https:\/\/www.stbgraebert.de\/index.php?rest_route=\/wp\/v2\/types\/page"}],"author":[{"embeddable":true,"href":"https:\/\/www.stbgraebert.de\/index.php?rest_route=\/wp\/v2\/users\/1"}],"replies":[{"embeddable":true,"href":"https:\/\/www.stbgraebert.de\/index.php?rest_route=%2Fwp%2Fv2%2Fcomments&post=21"}],"version-history":[{"count":26,"href":"https:\/\/www.stbgraebert.de\/index.php?rest_route=\/wp\/v2\/pages\/21\/revisions"}],"predecessor-version":[{"id":423,"href":"https:\/\/www.stbgraebert.de\/index.php?rest_route=\/wp\/v2\/pages\/21\/revisions\/423"}],"wp:attachment":[{"href":"https:\/\/www.stbgraebert.de\/index.php?rest_route=%2Fwp%2Fv2%2Fmedia&parent=21"}],"curies":[{"name":"wp","href":"https:\/\/api.w.org\/{rel}","templated":true}]}}