{"id":26,"date":"2017-08-17T07:44:59","date_gmt":"2017-08-17T07:44:59","guid":{"rendered":"http:\/\/localhost\/Themes\/2017\/Vision\/Website_WP\/index.php\/legal-advisory\/"},"modified":"2023-01-26T20:37:41","modified_gmt":"2023-01-26T19:37:41","slug":"legal-advisory","status":"publish","type":"page","link":"https:\/\/www.stbgraebert.de\/?page_id=26","title":{"rendered":"Legal Advisory"},"content":{"rendered":"<div>\n<h3>Lohnabrechnung<\/h3>\n<\/div>\n<div>Die Erstellung von Lohnabrechnungen f\u00fcr Ihre Angestellten geh\u00f6rt ebenfalls zu unserem Angebot.<br \/>Wir erstellen Lohn-sowie Gehaltsabrechnungen f\u00fcr jegliche Unternehmenszweige (ausgenommen Baul\u00f6hne). <\/div>\n<h3>Unsere Lohnleistungen im \u00dcberblick<\/h3>\n<ul>\n<li>\n<div>&#8211; An- und Abmeldungen der Arbeitnehmer<\/div>\n<\/li>\n<li>\n<div>&#8211; Anforderung der Betriebsnummer<\/div>\n<\/li>\n<li>\n<div>&#8211; Erstellung der Lohnabrechnung, sowie Lohnsteuerbescheinigungen<\/div>\n<\/li>\n<li>\n<div>&#8211; Hilfe bei der Erstellung von Arbeitsvertr\u00e4gen<\/div>\n<\/li>\n<li>\n<div>&#8211; Beitragsmeldungen an die Krankenkassen<\/div>\n<\/li>\n<li>\n<div>&#8211; Meldungen der Lohnsteuer an das Finanzamt<\/div>\n<\/li>\n<li>\n<div>&#8211; Arbeitsbescheinigungen (auch f\u00fcr das Jobcenter)<\/div>\n<\/li>\n<li>\n<div>&#8211; Meldungen an die Berufsgenossenschaft<\/div>\n<\/li>\n<\/ul>\n<div>\n<h3>Ihre Lohnbuchhalter<\/h3>\n<div>Direkt der richtige Ansprechpartner!<\/div>\n<\/div>\n<ul>\n<li>\n<p>        <img decoding=\"async\" src=\"\/wp-content\/uploads\/Enlight16.jpg\" alt=\"\"><\/p>\n<h6>Anke Birkner<\/h6>\n<p>Steuerfachangestellte \/ Lohnbuchhaltung<br \/><a href=\"mailto:abirkner@stbgraebert.de\">Mail<\/a><\/p>\n<\/li>\n<li>\n<p>        <img decoding=\"async\" src=\"\/wp-content\/uploads\/Ana.jpg\" alt=\"\"><\/p>\n<h6>Ana Minich<\/h6>\n<p>Lohnbuchhaltung<br \/><a href=\"mailto:aminich@stbgraebert.de\">Mail<\/a><\/p>\n<\/li>\n<\/ul>\n<p><!--more--><br \/>\n<!-- {\"name\":\"\",\"type\":\"layout\",\"children\":[{\"name\":\"hero\",\"type\":\"section\",\"props\":{\"css\":\".el-section > [class*='uk-background-'] { min-height: 40vh; }\",\"image\":\"wp-content\\\/uploads\\\/legal-services-hero.jpg\",\"image_effect\":\"parallax\",\"image_parallax_bgy\":\"0,120\",\"image_parallax_easing\":\"1\",\"image_position\":\"center-center\",\"padding_remove_top\":true,\"style\":\"default\",\"title_breakpoint\":\"xl\",\"title_position\":\"top-left\",\"title_rotation\":\"left\",\"vertical_align\":\"middle\",\"width\":\"\"},\"children\":[{\"name\":\"\",\"type\":\"row\",\"children\":[{\"name\":\"\",\"type\":\"column\",\"props\":{\"image_position\":\"center-center\",\"media_overlay_gradient\":\"\",\"position_sticky_breakpoint\":\"m\",\"width_medium\":\"1-1\"},\"children\":[{\"name\":\"\",\"type\":\"panel\",\"props\":{\"content_column_breakpoint\":\"m\",\"icon_width\":80,\"image_align\":\"top\",\"image_grid_breakpoint\":\"m\",\"image_grid_width\":\"1-2\",\"image_svg_color\":\"emphasis\",\"link_style\":\"default\",\"link_text\":\"Read more\",\"margin\":\"default\",\"meta_align\":\"below-title\",\"meta_element\":\"div\",\"meta_style\":\"text-meta\",\"panel_padding\":\"default\",\"panel_style\":\"card-secondary\",\"title\":\"Lohnabrechnung\",\"title_align\":\"top\",\"title_element\":\"h3\",\"title_grid_breakpoint\":\"m\",\"title_grid_width\":\"1-2\",\"title_hover_style\":\"reset\"}}]}]}]},{\"name\":\"\",\"type\":\"section\",\"props\":{\"image_position\":\"center-center\",\"style\":\"default\",\"title_breakpoint\":\"xl\",\"title_position\":\"top-left\",\"title_rotation\":\"left\",\"vertical_align\":\"middle\",\"width\":\"default\"},\"children\":[{\"name\":\"\",\"type\":\"row\",\"children\":[{\"name\":\"\",\"type\":\"column\",\"props\":{\"image_position\":\"center-center\",\"media_overlay_gradient\":\"\",\"position_sticky_breakpoint\":\"m\",\"width_medium\":\"1-1\"},\"children\":[{\"name\":\"\",\"type\":\"text\",\"props\":{\"column_breakpoint\":\"m\",\"content\":\"Die Erstellung von Lohnabrechnungen f\\u00fcr Ihre Angestellten geh\\u00f6rt ebenfalls zu unserem Angebot.<br \/>Wir erstellen Lohn-sowie Gehaltsabrechnungen f\\u00fcr jegliche Unternehmenszweige (ausgenommen Baul\\u00f6hne). \",\"margin\":\"default\"}},{\"name\":\"\",\"type\":\"headline\",\"props\":{\"content\":\"Unsere Lohnleistungen im \\u00dcberblick\",\"title_element\":\"h3\"}},{\"name\":\"\",\"type\":\"list\",\"props\":{\"column_breakpoint\":\"m\",\"image_align\":\"left\",\"image_svg_color\":\"emphasis\",\"image_vertical_align\":true,\"list_element\":\"ul\",\"list_horizontal_separator\":\", \",\"list_size\":\"\",\"list_type\":\"vertical\",\"show_image\":true,\"show_link\":true},\"children\":[{\"name\":\"\",\"type\":\"list_item\",\"props\":{\"content\":\"- An- und Abmeldungen der Arbeitnehmer\"}},{\"name\":\"\",\"type\":\"list_item\",\"props\":{\"content\":\"- Anforderung der Betriebsnummer\"}},{\"name\":\"\",\"type\":\"list_item\",\"props\":{\"content\":\"- Erstellung der Lohnabrechnung, sowie Lohnsteuerbescheinigungen\"}},{\"name\":\"\",\"type\":\"list_item\",\"props\":{\"content\":\"- Hilfe bei der Erstellung von Arbeitsvertr\\u00e4gen\"}},{\"name\":\"\",\"type\":\"list_item\",\"props\":{\"content\":\"- Beitragsmeldungen an die Krankenkassen\"}},{\"name\":\"\",\"type\":\"list_item\",\"props\":{\"content\":\"- Meldungen der Lohnsteuer an das Finanzamt\"}},{\"name\":\"\",\"type\":\"list_item\",\"props\":{\"content\":\"- Arbeitsbescheinigungen (auch f\\u00fcr das Jobcenter)\"}},{\"name\":\"\",\"type\":\"list_item\",\"props\":{\"content\":\"- Meldungen an die Berufsgenossenschaft\"}}]}]}]}]},{\"name\":\"Team\",\"type\":\"section\",\"props\":{\"animation_delay\":false,\"id\":\"about-us\",\"image_position\":\"center-center\",\"image_size\":\"cover\",\"padding\":\"large\",\"padding_remove_bottom\":false,\"padding_remove_top\":true,\"style\":\"default\",\"title_breakpoint\":\"xl\",\"title_position\":\"top-left\",\"title_rotation\":\"left\",\"vertical_align\":\"middle\",\"width\":\"default\"},\"children\":[{\"name\":\"\",\"type\":\"row\",\"props\":{\"layout\":\"1-3,2-3\",\"margin\":\"xlarge\",\"vertical_align\":false},\"children\":[{\"name\":\"\",\"type\":\"column\",\"props\":{\"image_position\":\"center-center\",\"media_overlay_gradient\":\"\",\"position_sticky_breakpoint\":\"m\",\"width_medium\":\"1-3\"},\"children\":[{\"name\":\"meet-the-team\",\"type\":\"panel\",\"props\":{\"content\":\"Direkt der richtige Ansprechpartner!\",\"content_column_breakpoint\":\"m\",\"icon_width\":80,\"id\":\"meet-the-team\",\"image_align\":\"top\",\"image_grid_breakpoint\":\"m\",\"image_grid_width\":\"1-2\",\"image_svg_color\":\"emphasis\",\"link_style\":\"default\",\"link_text\":\"Read more\",\"margin\":\"small\",\"meta_align\":\"below-title\",\"meta_element\":\"div\",\"meta_style\":\"text-meta\",\"title\":\"Ihre Lohnbuchhalter\",\"title_align\":\"top\",\"title_decoration\":\"bullet\",\"title_element\":\"h3\",\"title_grid_breakpoint\":\"m\",\"title_grid_width\":\"1-2\",\"title_hover_style\":\"reset\"}}]},{\"name\":\"\",\"type\":\"column\",\"props\":{\"image_position\":\"center-center\",\"media_overlay_gradient\":\"\",\"position_sticky_breakpoint\":\"m\",\"width_medium\":\"2-3\"},\"children\":[{\"name\":\"\",\"type\":\"grid\",\"props\":{\"content_column_breakpoint\":\"m\",\"filter_align\":\"left\",\"filter_all\":true,\"filter_grid_breakpoint\":\"m\",\"filter_grid_width\":\"auto\",\"filter_position\":\"top\",\"filter_style\":\"tab\",\"grid_column_gap\":\"medium\",\"grid_default\":\"2\",\"grid_medium\":\"\",\"grid_mode\":\"\",\"grid_row_gap\":\"medium\",\"grid_small\":\"3\",\"icon_width\":80,\"image_align\":\"top\",\"image_grid_breakpoint\":\"m\",\"image_grid_width\":\"1-2\",\"image_height\":\"400\",\"image_link\":true,\"image_svg_color\":\"emphasis\",\"image_width\":\"300\",\"item_animation\":true,\"link_style\":\"default\",\"link_text\":\"\",\"margin\":\"\",\"meta_align\":\"below-title\",\"meta_color\":\"muted\",\"meta_element\":\"div\",\"meta_margin\":\"remove\",\"meta_style\":\"\",\"parallax_easing\":\"1\",\"show_content\":true,\"show_image\":true,\"show_link\":true,\"show_meta\":true,\"show_title\":true,\"title_align\":\"top\",\"title_element\":\"h6\",\"title_grid_breakpoint\":\"m\",\"title_grid_width\":\"1-2\",\"title_hover_style\":\"reset\",\"title_link\":true,\"title_style\":\"h6\"},\"children\":[{\"name\":\"\",\"type\":\"grid_item\",\"props\":{\"image\":\"wp-content\\\/uploads\\\/Enlight16.jpg\",\"link\":\"\",\"meta\":\"Steuerfachangestellte \\\/ Lohnbuchhaltung<br \/><a href=\\\"mailto:abirkner@stbgraebert.de\\\">Mail<\\\/a>\",\"title\":\"Anke Birkner\"}},{\"name\":\"\",\"type\":\"grid_item\",\"props\":{\"image\":\"wp-content\\\/uploads\\\/Ana.jpg\",\"link\":\"\",\"meta\":\"Lohnbuchhaltung<br \/><a href=\\\"mailto:aminich@stbgraebert.de\\\">Mail<\\\/a>\",\"title\":\"Ana Minich\"}}]}]}]}]}],\"version\":\"3.0.22\"} --><\/p>\n","protected":false},"excerpt":{"rendered":"<p>Lohnabrechnung Die Erstellung von Lohnabrechnungen f\u00fcr Ihre Angestellten geh\u00f6rt ebenfalls zu unserem Angebot.Wir erstellen Lohn-sowie Gehaltsabrechnungen f\u00fcr jegliche Unternehmenszweige (ausgenommen Baul\u00f6hne). Unsere Lohnleistungen im \u00dcberblick &#8211; An- und Abmeldungen der Arbeitnehmer &#8211; Anforderung der Betriebsnummer &#8211; Erstellung der Lohnabrechnung, sowie Lohnsteuerbescheinigungen &#8211; Hilfe bei der Erstellung von Arbeitsvertr\u00e4gen &#8211; Beitragsmeldungen an die Krankenkassen &#8211; Meldungen [&hellip;]<\/p>\n","protected":false},"author":1,"featured_media":0,"parent":0,"menu_order":4,"comment_status":"closed","ping_status":"closed","template":"","meta":{"footnotes":""},"class_list":["post-26","page","type-page","status-publish","hentry"],"_links":{"self":[{"href":"https:\/\/www.stbgraebert.de\/index.php?rest_route=\/wp\/v2\/pages\/26","targetHints":{"allow":["GET"]}}],"collection":[{"href":"https:\/\/www.stbgraebert.de\/index.php?rest_route=\/wp\/v2\/pages"}],"about":[{"href":"https:\/\/www.stbgraebert.de\/index.php?rest_route=\/wp\/v2\/types\/page"}],"author":[{"embeddable":true,"href":"https:\/\/www.stbgraebert.de\/index.php?rest_route=\/wp\/v2\/users\/1"}],"replies":[{"embeddable":true,"href":"https:\/\/www.stbgraebert.de\/index.php?rest_route=%2Fwp%2Fv2%2Fcomments&post=26"}],"version-history":[{"count":10,"href":"https:\/\/www.stbgraebert.de\/index.php?rest_route=\/wp\/v2\/pages\/26\/revisions"}],"predecessor-version":[{"id":426,"href":"https:\/\/www.stbgraebert.de\/index.php?rest_route=\/wp\/v2\/pages\/26\/revisions\/426"}],"wp:attachment":[{"href":"https:\/\/www.stbgraebert.de\/index.php?rest_route=%2Fwp%2Fv2%2Fmedia&parent=26"}],"curies":[{"name":"wp","href":"https:\/\/api.w.org\/{rel}","templated":true}]}}